{"id":2222,"date":"2020-01-10T18:51:03","date_gmt":"2020-01-11T00:51:03","guid":{"rendered":"https:\/\/www.jalifecaballero.com\/?page_id=2222"},"modified":"2020-04-27T14:58:05","modified_gmt":"2020-04-27T19:58:05","slug":"franquicias-corporativo-informacion-confidencial-y-secretos-industriales","status":"publish","type":"page","link":"https:\/\/www.jalifecaballero.com\/es\/servicios\/franquicias-corporativo-informacion-confidencial-y-secretos-industriales\/","title":{"rendered":"Franquicias, Corporativo, Informaci\u00f3n Confidencial y Secretos Industriales"},"content":{"rendered":"<p>[vc_row][vc_column][vc_row_inner][vc_column_inner width=&#8221;1\/2&#8243;][icon_list icon_type=&#8221;fontawesome&#8221; icon_fontawesome=&#8221;fa fa-minus&#8221; list=&#8221;%5B%7B%22item%22%3A%22Franquicias%22%7D%5D&#8221;][vc_column_text css_animation=&#8221;fadeInLeft&#8221;]Desarrollo de franquicias: Convertimos modelos de negocio en sistemas de franquicias.<br \/>\nCarpeta Legal: Desarrollamos la carpeta legal de las franquicias.<br \/>\nManualizaci\u00f3n: Estandarizamos procesos y los manualizamos de forma escrita y\/o audiovisual[\/vc_column_text][\/vc_column_inner][vc_column_inner width=&#8221;1\/2&#8243;][vc_single_image image=&#8221;2317&#8243; img_size=&#8221;medium&#8221; alignment=&#8221;center&#8221; style=&#8221;vc_box_shadow_3d&#8221; css_animation=&#8221;fadeInRight&#8221;][\/vc_column_inner][\/vc_row_inner][\/vc_column][\/vc_row][vc_row][vc_column][icon_list icon_type=&#8221;fontawesome&#8221; icon_fontawesome=&#8221;fa fa-minus&#8221; list=&#8221;%5B%7B%22item%22%3A%22Corporativo%22%7D%5D&#8221;][vc_row_inner][vc_column_inner width=&#8221;1\/2&#8243;][vc_column_text css_animation=&#8221;fadeInLeft&#8221;]Redacci\u00f3n de contratos necesarios para la correcta operaci\u00f3n de una empresa.<br \/>\nConstituci\u00f3n de sociedades y asociaciones<br \/>\nElaboraci\u00f3n de asambleas ordinarias y extraordinarias<br \/>\nConvenios pre-societarios[\/vc_column_text][\/vc_column_inner][vc_column_inner width=&#8221;1\/2&#8243;][vc_single_image image=&#8221;3287&#8243; img_size=&#8221;medium&#8221; alignment=&#8221;center&#8221; style=&#8221;vc_box_shadow_3d&#8221; css_animation=&#8221;fadeInRight&#8221;][\/vc_column_inner][\/vc_row_inner][\/vc_column][\/vc_row][vc_row][vc_column][icon_list icon_type=&#8221;fontawesome&#8221; icon_fontawesome=&#8221;fa fa-minus&#8221; list=&#8221;%5B%7B%22item%22%3A%22Informaci%C3%B3n%20confidencial%20y%20secretos%20industriales%22%7D%5D&#8221;][vc_row_inner][vc_column_inner width=&#8221;1\/2&#8243;][vc_column_text css_animation=&#8221;fadeInLeft&#8221;]Instauraci\u00f3n de Programa de protecci\u00f3n de secretos industriales.<br \/>\nElaboraci\u00f3n e implementaci\u00f3n de un sistema de cumplimiento con la protecci\u00f3n de datos personales.[\/vc_column_text][\/vc_column_inner][vc_column_inner width=&#8221;1\/2&#8243;][vc_single_image image=&#8221;3288&#8243; img_size=&#8221;medium&#8221; alignment=&#8221;center&#8221; style=&#8221;vc_box_shadow_3d&#8221; css_animation=&#8221;fadeInUp&#8221;][\/vc_column_inner][\/vc_row_inner][\/vc_column][\/vc_row][vc_row full_width=&#8221;stretch_row&#8221; content_placement=&#8221;middle&#8221; parallax=&#8221;content-moving&#8221; parallax_image=&#8221;2251&#8243; parallax_speed_bg=&#8221;2&#8243; css_animation=&#8221;fadeInUp&#8221; vc_row_overlay=&#8221;yes&#8221; vc_row_overlay_color=&#8221;rgba(7,26,79,0.7)&#8221; css=&#8221;.vc_custom_1579202668853{margin-top: 4% !important;margin-bottom: 4% !important;padding-top: 2% !important;padding-bottom: 2% !important;}&#8221;][vc_column width=&#8221;1\/2&#8243; offset=&#8221;vc_col-lg-offset-3 vc_col-lg-6 vc_col-md-offset-3 vc_col-md-6&#8243;][vc_custom_heading text=&#8221;Solicitar m\u00e1s Informaci\u00f3n&#8221; font_container=&#8221;tag:h2|text_align:center|color:%23ffffff&#8221; use_theme_fonts=&#8221;yes&#8221; css_animation=&#8221;fadeInDown&#8221;]<div role=\"form\" class=\"wpcf7\" id=\"wpcf7-f1798-o1\" lang=\"en-US\" dir=\"ltr\">\n<div class=\"screen-reader-response\"><p role=\"status\" aria-live=\"polite\" aria-atomic=\"true\"><\/p> <ul><\/ul><\/div>\n<form action=\"\/es\/wp-json\/wp\/v2\/pages\/2222#wpcf7-f1798-o1\" method=\"post\" class=\"wpcf7-form init\" novalidate=\"novalidate\" data-status=\"init\">\n<div style=\"display: none;\">\n<input type=\"hidden\" name=\"_wpcf7\" value=\"1798\" \/>\n<input type=\"hidden\" name=\"_wpcf7_version\" value=\"5.4.1\" \/>\n<input type=\"hidden\" name=\"_wpcf7_locale\" value=\"en_US\" \/>\n<input type=\"hidden\" name=\"_wpcf7_unit_tag\" value=\"wpcf7-f1798-o1\" \/>\n<input type=\"hidden\" name=\"_wpcf7_container_post\" value=\"0\" \/>\n<input type=\"hidden\" name=\"_wpcf7_posted_data_hash\" value=\"\" \/>\n<input type=\"hidden\" name=\"lang\" value=\"es\" \/>\n<\/div>\n<div class=\"uk-grid-small uk-margin-remove-top uk-grid \">\n<div class=\"uk-width-1-1@m uk-grid-margin\">\n<div class=\"uk-inline uk-width-1-1@m \"><span class=\"wpcf7-form-control-wrap text-546\"><input type=\"text\" name=\"text-546\" value=\"\" size=\"40\" class=\"wpcf7-form-control wpcf7-text wpcf7-validates-as-required uk-input\" aria-required=\"true\" aria-invalid=\"false\" placeholder=\"Nombre*\" \/><\/span><\/div>\n<\/div>\n<div class=\"uk-width-1-1@m uk-grid-margin\">\n<div class=\"uk-inline uk-width-1-1@m \"><span class=\"wpcf7-form-control-wrap email-917\"><input type=\"email\" name=\"email-917\" value=\"\" size=\"40\" class=\"wpcf7-form-control wpcf7-text wpcf7-email wpcf7-validates-as-required wpcf7-validates-as-email uk-input\" aria-required=\"true\" aria-invalid=\"false\" placeholder=\"Email*\" \/><\/span><\/div>\n<\/div>\n<div class=\"uk-width-1-1@m uk-grid-margin\">\n<div class=\"uk-inline uk-width-1-1@m \"><span class=\"wpcf7-form-control-wrap tel-182\"><input type=\"tel\" name=\"tel-182\" value=\"\" size=\"40\" class=\"wpcf7-form-control wpcf7-text wpcf7-tel wpcf7-validates-as-required wpcf7-validates-as-tel uk-input\" aria-required=\"true\" aria-invalid=\"false\" placeholder=\"Tel\u00e9fono*\" \/><\/span><\/div>\n<\/div>\n<div class=\"uk-width-1-1@m uk-grid-margin\">\n<div class=\"uk-inline uk-width-1-1@m \"><span class=\"wpcf7-form-control-wrap textarea-685\"><textarea name=\"textarea-685\" cols=\"40\" rows=\"10\" class=\"wpcf7-form-control wpcf7-textarea wpcf7-validates-as-required uk-textarea uk-height-small\" aria-required=\"true\" aria-invalid=\"false\" placeholder=\"Mensaje*\"><\/textarea><\/span><\/div>\n<\/div>\n<div class=\"uk-width-1-1@m uk-grid-margin uk-text-left\"><input type=\"submit\" value=\"ENVIAR\" class=\"wpcf7-form-control wpcf7-submit uk-button uk-button-default\" \/><\/div>\n<\/div>\n<div class=\"wpcf7-response-output\" aria-hidden=\"true\"><\/div><\/form><\/div>[vc_empty_space][\/vc_column][\/vc_row]<\/p>\n","protected":false},"excerpt":{"rendered":"<p>[vc_row][vc_column][vc_row_inner][vc_column_inner width=&#8221;1\/2&#8243;][icon_list icon_type=&#8221;fontawesome&#8221; icon_fontawesome=&#8221;fa fa-minus&#8221; list=&#8221;%5B%7B%22item%22%3A%22Franquicias%22%7D%5D&#8221;][vc_column_text css_animation=&#8221;fadeInLeft&#8221;]Desarrollo de franquicias: Convertimos modelos de negocio en sistemas de franquicias. Carpeta Legal: Desarrollamos la carpeta legal de las franquicias. Manualizaci\u00f3n: Estandarizamos procesos y los manualizamos de forma escrita y\/o audiovisual[\/vc_column_text][\/vc_column_inner][vc_column_inner width=&#8221;1\/2&#8243;][vc_single_image image=&#8221;2317&#8243; img_size=&#8221;medium&#8221; &#8230;<\/p>\n","protected":false},"author":1,"featured_media":0,"parent":2261,"menu_order":0,"comment_status":"closed","ping_status":"closed","template":"","meta":[],"_links":{"self":[{"href":"https:\/\/www.jalifecaballero.com\/es\/wp-json\/wp\/v2\/pages\/2222"}],"collection":[{"href":"https:\/\/www.jalifecaballero.com\/es\/wp-json\/wp\/v2\/pages"}],"about":[{"href":"https:\/\/www.jalifecaballero.com\/es\/wp-json\/wp\/v2\/types\/page"}],"author":[{"embeddable":true,"href":"https:\/\/www.jalifecaballero.com\/es\/wp-json\/wp\/v2\/users\/1"}],"replies":[{"embeddable":true,"href":"https:\/\/www.jalifecaballero.com\/es\/wp-json\/wp\/v2\/comments?post=2222"}],"version-history":[{"count":34,"href":"https:\/\/www.jalifecaballero.com\/es\/wp-json\/wp\/v2\/pages\/2222\/revisions"}],"predecessor-version":[{"id":3351,"href":"https:\/\/www.jalifecaballero.com\/es\/wp-json\/wp\/v2\/pages\/2222\/revisions\/3351"}],"up":[{"embeddable":true,"href":"https:\/\/www.jalifecaballero.com\/es\/wp-json\/wp\/v2\/pages\/2261"}],"wp:attachment":[{"href":"https:\/\/www.jalifecaballero.com\/es\/wp-json\/wp\/v2\/media?parent=2222"}],"curies":[{"name":"wp","href":"https:\/\/api.w.org\/{rel}","templated":true}]}}