{"id":39,"date":"2017-03-24T03:38:37","date_gmt":"2017-03-24T03:38:37","guid":{"rendered":"http:\/\/demo.themeton.com\/medical\/?page_id=39"},"modified":"2020-04-27T14:35:46","modified_gmt":"2020-04-27T19:35:46","slug":"creaciones-industriales","status":"publish","type":"page","link":"https:\/\/www.jalifecaballero.com\/es\/servicios\/creaciones-industriales\/","title":{"rendered":"Creaciones Industriales"},"content":{"rendered":"<p>[vc_row content_placement=&#8221;middle&#8221;][vc_column width=&#8221;1\/3&#8243;][info_box size=&#8221;Icon size.&#8221; icon_type=&#8221;fontawesome&#8221; icon_fontawesome=&#8221;fa fa-file-text&#8221; shadows=&#8221;large&#8221; title=&#8221;Patentes&#8221;][\/vc_column][vc_column width=&#8221;1\/3&#8243;][info_box size=&#8221;&#8221; icon_type=&#8221;fontawesome&#8221; icon_fontawesome=&#8221;fa fa-file-powerpoint-o&#8221; shadows=&#8221;large&#8221; title=&#8221;Modelos de utilidad&#8221;][\/vc_column][vc_column width=&#8221;1\/3&#8243;][info_box size=&#8221;Icon size.&#8221; icon_type=&#8221;fontawesome&#8221; icon_fontawesome=&#8221;fa fa-registered&#8221; shadows=&#8221;large&#8221; title=&#8221;Dise\u00f1os industriales&#8221;][\/vc_column][\/vc_row][vc_row css_animation=&#8221;fadeInUp&#8221;][vc_column][vc_empty_space][vc_empty_space][vc_column_text css_animation=&#8221;fadeInUp&#8221;]Nuestro equipo de expertos especializado en creaciones industriales cuenta con una amplia experiencia en la toma de decisiones cr\u00edticas previo a la presentaci\u00f3n de una solicitud de patente, ofreciendo el seguimiento oportuno despu\u00e9s de la presentaci\u00f3n de cada solicitud, as\u00ed como una asesor\u00eda integral en las diversas opciones para la conservaci\u00f3n, transferencia y explotaci\u00f3n de la patente.[\/vc_column_text][vc_column_text css_animation=&#8221;fadeInLeft&#8221;]Desarrollamos todos los servicios relacionados con la protecci\u00f3n de patentes, modelos de utilidad y dise\u00f1os industriales, para modelos y dibujos industriales, ofreciendo el debido seguimiento del tr\u00e1mite en cada solicitud y su registro.[\/vc_column_text][vc_column_text css_animation=&#8221;fadeInRight&#8221;]Nuestros servicios abarcan desde la b\u00fasqueda de viabilidad de protecci\u00f3n de tecnolog\u00eda, entendiendo la esencia del tiempo y los resultados del estado del arte elaborando un an\u00e1lisis pertinente. Este servicio incluye la emisi\u00f3n de un informe totalmente optimizado que prioriza la satisfacci\u00f3n de nuestros clientes.[\/vc_column_text][vc_column_text css_animation=&#8221;fadeInLeft&#8221;]Asimismo, nuestros expertos ofrecen el servicio de an\u00e1lisis t\u00e9cnicos profundos para los procedimientos contenciosos por posibles infracciones en derechos en propiedad industrial.[\/vc_column_text][vc_single_image image=&#8221;2323&#8243; img_size=&#8221;400&#215;300&#8243; alignment=&#8221;center&#8221; css_animation=&#8221;fadeInRight&#8221;][\/vc_column][\/vc_row][vc_row full_width=&#8221;stretch_row&#8221; content_placement=&#8221;middle&#8221; parallax=&#8221;content-moving&#8221; parallax_image=&#8221;2251&#8243; parallax_speed_bg=&#8221;2&#8243; css_animation=&#8221;fadeInUp&#8221; vc_row_overlay=&#8221;yes&#8221; vc_row_overlay_color=&#8221;rgba(7,26,79,0.7)&#8221; css=&#8221;.vc_custom_1579217896523{margin-top: 4% !important;margin-bottom: 4% !important;background-color: #ededed !important;}&#8221;][vc_column width=&#8221;1\/2&#8243; offset=&#8221;vc_col-lg-offset-3 vc_col-lg-6 vc_col-md-offset-3 vc_col-md-6&#8243;][vc_custom_heading text=&#8221;Solicitar m\u00e1s Informaci\u00f3n&#8221; font_container=&#8221;tag:h2|text_align:center|color:%23ffffff&#8221; use_theme_fonts=&#8221;yes&#8221; css_animation=&#8221;fadeInUp&#8221;]<div role=\"form\" class=\"wpcf7\" id=\"wpcf7-f1798-o1\" lang=\"en-US\" dir=\"ltr\">\n<div class=\"screen-reader-response\"><p role=\"status\" aria-live=\"polite\" aria-atomic=\"true\"><\/p> <ul><\/ul><\/div>\n<form action=\"\/es\/wp-json\/wp\/v2\/pages\/39#wpcf7-f1798-o1\" method=\"post\" class=\"wpcf7-form init\" novalidate=\"novalidate\" data-status=\"init\">\n<div style=\"display: none;\">\n<input type=\"hidden\" name=\"_wpcf7\" value=\"1798\" \/>\n<input type=\"hidden\" name=\"_wpcf7_version\" value=\"5.4.1\" \/>\n<input type=\"hidden\" name=\"_wpcf7_locale\" value=\"en_US\" \/>\n<input type=\"hidden\" name=\"_wpcf7_unit_tag\" value=\"wpcf7-f1798-o1\" \/>\n<input type=\"hidden\" name=\"_wpcf7_container_post\" value=\"0\" \/>\n<input type=\"hidden\" name=\"_wpcf7_posted_data_hash\" value=\"\" \/>\n<input type=\"hidden\" name=\"lang\" value=\"es\" \/>\n<\/div>\n<div class=\"uk-grid-small uk-margin-remove-top uk-grid \">\n<div class=\"uk-width-1-1@m uk-grid-margin\">\n<div class=\"uk-inline uk-width-1-1@m \"><span class=\"wpcf7-form-control-wrap text-546\"><input type=\"text\" name=\"text-546\" value=\"\" size=\"40\" class=\"wpcf7-form-control wpcf7-text wpcf7-validates-as-required uk-input\" aria-required=\"true\" aria-invalid=\"false\" placeholder=\"Nombre*\" \/><\/span><\/div>\n<\/div>\n<div class=\"uk-width-1-1@m uk-grid-margin\">\n<div class=\"uk-inline uk-width-1-1@m \"><span class=\"wpcf7-form-control-wrap email-917\"><input type=\"email\" name=\"email-917\" value=\"\" size=\"40\" class=\"wpcf7-form-control wpcf7-text wpcf7-email wpcf7-validates-as-required wpcf7-validates-as-email uk-input\" aria-required=\"true\" aria-invalid=\"false\" placeholder=\"Email*\" \/><\/span><\/div>\n<\/div>\n<div class=\"uk-width-1-1@m uk-grid-margin\">\n<div class=\"uk-inline uk-width-1-1@m \"><span class=\"wpcf7-form-control-wrap tel-182\"><input type=\"tel\" name=\"tel-182\" value=\"\" size=\"40\" class=\"wpcf7-form-control wpcf7-text wpcf7-tel wpcf7-validates-as-required wpcf7-validates-as-tel uk-input\" aria-required=\"true\" aria-invalid=\"false\" placeholder=\"Tel\u00e9fono*\" \/><\/span><\/div>\n<\/div>\n<div class=\"uk-width-1-1@m uk-grid-margin\">\n<div class=\"uk-inline uk-width-1-1@m \"><span class=\"wpcf7-form-control-wrap textarea-685\"><textarea name=\"textarea-685\" cols=\"40\" rows=\"10\" class=\"wpcf7-form-control wpcf7-textarea wpcf7-validates-as-required uk-textarea uk-height-small\" aria-required=\"true\" aria-invalid=\"false\" placeholder=\"Mensaje*\"><\/textarea><\/span><\/div>\n<\/div>\n<div class=\"uk-width-1-1@m uk-grid-margin uk-text-left\"><input type=\"submit\" value=\"ENVIAR\" class=\"wpcf7-form-control wpcf7-submit uk-button uk-button-default\" \/><\/div>\n<\/div>\n<div class=\"wpcf7-response-output\" aria-hidden=\"true\"><\/div><\/form><\/div>[vc_empty_space][\/vc_column][\/vc_row]<\/p>\n","protected":false},"excerpt":{"rendered":"<p>[vc_row content_placement=&#8221;middle&#8221;][vc_column width=&#8221;1\/3&#8243;][info_box size=&#8221;Icon size.&#8221; icon_type=&#8221;fontawesome&#8221; icon_fontawesome=&#8221;fa fa-file-text&#8221; shadows=&#8221;large&#8221; title=&#8221;Patentes&#8221;][\/vc_column][vc_column width=&#8221;1\/3&#8243;][info_box size=&#8221;&#8221; icon_type=&#8221;fontawesome&#8221; icon_fontawesome=&#8221;fa fa-file-powerpoint-o&#8221; shadows=&#8221;large&#8221; title=&#8221;Modelos de utilidad&#8221;][\/vc_column][vc_column width=&#8221;1\/3&#8243;][info_box size=&#8221;Icon size.&#8221; icon_type=&#8221;fontawesome&#8221; icon_fontawesome=&#8221;fa fa-registered&#8221; shadows=&#8221;large&#8221; title=&#8221;Dise\u00f1os industriales&#8221;][\/vc_column][\/vc_row][vc_row css_animation=&#8221;fadeInUp&#8221;][vc_column][vc_empty_space][vc_empty_space][vc_column_text css_animation=&#8221;fadeInUp&#8221;]Nuestro equipo de expertos especializado en creaciones industriales cuenta con una &#8230;<\/p>\n","protected":false},"author":1,"featured_media":0,"parent":2261,"menu_order":0,"comment_status":"closed","ping_status":"closed","template":"","meta":[],"_links":{"self":[{"href":"https:\/\/www.jalifecaballero.com\/es\/wp-json\/wp\/v2\/pages\/39"}],"collection":[{"href":"https:\/\/www.jalifecaballero.com\/es\/wp-json\/wp\/v2\/pages"}],"about":[{"href":"https:\/\/www.jalifecaballero.com\/es\/wp-json\/wp\/v2\/types\/page"}],"author":[{"embeddable":true,"href":"https:\/\/www.jalifecaballero.com\/es\/wp-json\/wp\/v2\/users\/1"}],"replies":[{"embeddable":true,"href":"https:\/\/www.jalifecaballero.com\/es\/wp-json\/wp\/v2\/comments?post=39"}],"version-history":[{"count":20,"href":"https:\/\/www.jalifecaballero.com\/es\/wp-json\/wp\/v2\/pages\/39\/revisions"}],"predecessor-version":[{"id":3345,"href":"https:\/\/www.jalifecaballero.com\/es\/wp-json\/wp\/v2\/pages\/39\/revisions\/3345"}],"up":[{"embeddable":true,"href":"https:\/\/www.jalifecaballero.com\/es\/wp-json\/wp\/v2\/pages\/2261"}],"wp:attachment":[{"href":"https:\/\/www.jalifecaballero.com\/es\/wp-json\/wp\/v2\/media?parent=39"}],"curies":[{"name":"wp","href":"https:\/\/api.w.org\/{rel}","templated":true}]}}