{"id":41,"date":"2017-03-24T03:38:55","date_gmt":"2017-03-24T03:38:55","guid":{"rendered":"http:\/\/demo.themeton.com\/medical\/?page_id=41"},"modified":"2020-04-27T14:22:37","modified_gmt":"2020-04-27T19:22:37","slug":"derechos-de-autor-y-entretenimiento","status":"publish","type":"page","link":"https:\/\/www.jalifecaballero.com\/es\/servicios\/derechos-de-autor-y-entretenimiento\/","title":{"rendered":"Derechos de Autor y Entretenimiento"},"content":{"rendered":"<p>[vc_row][vc_column width=&#8221;1\/2&#8243;][icon_list icon_type=&#8221;fontawesome&#8221; icon_fontawesome=&#8221;fa fa-check&#8221; list=&#8221;%5B%7B%22item%22%3A%22Obras%20art%C3%ADsticas%20y%20literarias%22%7D%2C%7B%22item%22%3A%22Reservas%20de%20derechos%20al%20uso%20exclusivo%22%7D%2C%7B%22item%22%3A%22Contratos%20relacionados%20con%20derechos%20de%20autor%22%7D%2C%7B%22item%22%3A%22ISBN%20e%20ISSN%22%7D%2C%7B%22item%22%3A%22Juntas%20de%20avenencia%22%7D%2C%7B%22item%22%3A%22Certificado%20de%20licitud%20y%20contenido%22%7D%5D&#8221; css=&#8221;.vc_custom_1586547851896{margin-left: 10% !important;}&#8221;][\/vc_column][vc_column width=&#8221;1\/2&#8243;][vc_single_image image=&#8221;2327&#8243; img_size=&#8221;large&#8221; alignment=&#8221;center&#8221; style=&#8221;vc_box_shadow_3d&#8221; css_animation=&#8221;fadeInRight&#8221;][\/vc_column][\/vc_row][vc_row][vc_column][vc_column_text css_animation=&#8221;fadeInLeft&#8221;]En <strong>jalife|caballero\u00ae<\/strong> entendemos, conocemos y siempre hemos estado cerca de la industria del entretenimiento, las artes y la cultura. Estamos sensibilizados con la importancia en el cuidado de las diversas formas de expresi\u00f3n, por lo que nuestro equipo de especialistas siempre estar\u00e1 dispuesto a asesorarte respecto de la mejor protecci\u00f3n en los derechos del autor, los titulares de derechos, las obras, los personajes ficticios o simb\u00f3licos, los derechos de imagen, derechos conexos y en general cualquier prerrogativa relacionada con derechos de autor.[\/vc_column_text][vc_column_text css_animation=&#8221;fadeInRight&#8221;]De igual forma, estamos capacitados para asesorarte y ayudarte en la elaboraci\u00f3n, negociaci\u00f3n, inscripci\u00f3n y conservaci\u00f3n de las relaciones contractuales entre las diversas \u00e1reas de la industria del entretenimiento.[\/vc_column_text][\/vc_column][\/vc_row][vc_row content_placement=&#8221;middle&#8221; disable_element=&#8221;yes&#8221;][vc_column width=&#8221;2\/3&#8243; offset=&#8221;vc_col-lg-offset-2 vc_col-lg-8 vc_col-md-offset-2 vc_col-md-8&#8243;][vc_single_image image=&#8221;2327&#8243; img_size=&#8221;medium&#8221; alignment=&#8221;center&#8221; style=&#8221;vc_box_shadow_3d&#8221; css_animation=&#8221;fadeInRight&#8221;][\/vc_column][vc_column width=&#8221;2\/3&#8243; offset=&#8221;vc_col-lg-offset-2 vc_col-lg-8 vc_col-md-offset-2 vc_col-md-8&#8243;][vc_column_text css_animation=&#8221;fadeInLeft&#8221;]En <strong>Jalife\/Caballero<\/strong> sabemos que la protecci\u00f3n y el registro de las obras es fundamental para salvaguardar el trabajo de los creadores y asegurar su patrimonio.<\/p>\n<p style=\"text-align: left;\"><strong>Ofrecemos todo tipo de servicios y consultor\u00eda en materia de derechos de autor<\/strong>.<\/p>\n<p>[\/vc_column_text][vc_column_text css_animation=&#8221;fadeInLeft&#8221;]Nuestra filosof\u00eda en este campo fundamental de la Propiedad Intelectual, no consiste en simplemente registrar, sino constituir derechos que le permitan a sus autores y titulares un ejercicio eficiente, expedito y seguro de los mismos.[\/vc_column_text][\/vc_column][\/vc_row][vc_row full_width=&#8221;stretch_row&#8221; content_placement=&#8221;middle&#8221; parallax=&#8221;content-moving&#8221; parallax_image=&#8221;2251&#8243; parallax_speed_bg=&#8221;2&#8243; css_animation=&#8221;fadeInUp&#8221; vc_row_overlay=&#8221;yes&#8221; vc_row_overlay_color=&#8221;rgba(7,26,79,0.7)&#8221; css=&#8221;.vc_custom_1579213716367{margin-top: 4% !important;margin-bottom: 4% !important;background-color: #ededed !important;}&#8221;][vc_column width=&#8221;1\/2&#8243; offset=&#8221;vc_col-lg-offset-3 vc_col-lg-6 vc_col-md-offset-3 vc_col-md-6&#8243;][vc_custom_heading text=&#8221;Solicitar m\u00e1s Informaci\u00f3n&#8221; font_container=&#8221;tag:h2|text_align:center|color:%23ffffff&#8221; use_theme_fonts=&#8221;yes&#8221; css_animation=&#8221;fadeInUp&#8221;]<div role=\"form\" class=\"wpcf7\" id=\"wpcf7-f1798-o1\" lang=\"en-US\" dir=\"ltr\">\n<div class=\"screen-reader-response\"><p role=\"status\" aria-live=\"polite\" aria-atomic=\"true\"><\/p> <ul><\/ul><\/div>\n<form action=\"\/es\/wp-json\/wp\/v2\/pages\/41#wpcf7-f1798-o1\" method=\"post\" class=\"wpcf7-form init\" novalidate=\"novalidate\" data-status=\"init\">\n<div style=\"display: none;\">\n<input type=\"hidden\" name=\"_wpcf7\" value=\"1798\" \/>\n<input type=\"hidden\" name=\"_wpcf7_version\" value=\"5.4.1\" \/>\n<input type=\"hidden\" name=\"_wpcf7_locale\" value=\"en_US\" \/>\n<input type=\"hidden\" name=\"_wpcf7_unit_tag\" value=\"wpcf7-f1798-o1\" \/>\n<input type=\"hidden\" name=\"_wpcf7_container_post\" value=\"0\" \/>\n<input type=\"hidden\" name=\"_wpcf7_posted_data_hash\" value=\"\" \/>\n<input type=\"hidden\" name=\"lang\" value=\"es\" \/>\n<\/div>\n<div class=\"uk-grid-small uk-margin-remove-top uk-grid \">\n<div class=\"uk-width-1-1@m uk-grid-margin\">\n<div class=\"uk-inline uk-width-1-1@m \"><span class=\"wpcf7-form-control-wrap text-546\"><input type=\"text\" name=\"text-546\" value=\"\" size=\"40\" class=\"wpcf7-form-control wpcf7-text wpcf7-validates-as-required uk-input\" aria-required=\"true\" aria-invalid=\"false\" placeholder=\"Nombre*\" \/><\/span><\/div>\n<\/div>\n<div class=\"uk-width-1-1@m uk-grid-margin\">\n<div class=\"uk-inline uk-width-1-1@m \"><span class=\"wpcf7-form-control-wrap email-917\"><input type=\"email\" name=\"email-917\" value=\"\" size=\"40\" class=\"wpcf7-form-control wpcf7-text wpcf7-email wpcf7-validates-as-required wpcf7-validates-as-email uk-input\" aria-required=\"true\" aria-invalid=\"false\" placeholder=\"Email*\" \/><\/span><\/div>\n<\/div>\n<div class=\"uk-width-1-1@m uk-grid-margin\">\n<div class=\"uk-inline uk-width-1-1@m \"><span class=\"wpcf7-form-control-wrap tel-182\"><input type=\"tel\" name=\"tel-182\" value=\"\" size=\"40\" class=\"wpcf7-form-control wpcf7-text wpcf7-tel wpcf7-validates-as-required wpcf7-validates-as-tel uk-input\" aria-required=\"true\" aria-invalid=\"false\" placeholder=\"Tel\u00e9fono*\" \/><\/span><\/div>\n<\/div>\n<div class=\"uk-width-1-1@m uk-grid-margin\">\n<div class=\"uk-inline uk-width-1-1@m \"><span class=\"wpcf7-form-control-wrap textarea-685\"><textarea name=\"textarea-685\" cols=\"40\" rows=\"10\" class=\"wpcf7-form-control wpcf7-textarea wpcf7-validates-as-required uk-textarea uk-height-small\" aria-required=\"true\" aria-invalid=\"false\" placeholder=\"Mensaje*\"><\/textarea><\/span><\/div>\n<\/div>\n<div class=\"uk-width-1-1@m uk-grid-margin uk-text-left\"><input type=\"submit\" value=\"ENVIAR\" class=\"wpcf7-form-control wpcf7-submit uk-button uk-button-default\" \/><\/div>\n<\/div>\n<div class=\"wpcf7-response-output\" aria-hidden=\"true\"><\/div><\/form><\/div>[vc_empty_space][\/vc_column][\/vc_row]<\/p>\n","protected":false},"excerpt":{"rendered":"<p>[vc_row][vc_column width=&#8221;1\/2&#8243;][icon_list icon_type=&#8221;fontawesome&#8221; icon_fontawesome=&#8221;fa fa-check&#8221; list=&#8221;%5B%7B%22item%22%3A%22Obras%20art%C3%ADsticas%20y%20literarias%22%7D%2C%7B%22item%22%3A%22Reservas%20de%20derechos%20al%20uso%20exclusivo%22%7D%2C%7B%22item%22%3A%22Contratos%20relacionados%20con%20derechos%20de%20autor%22%7D%2C%7B%22item%22%3A%22ISBN%20e%20ISSN%22%7D%2C%7B%22item%22%3A%22Juntas%20de%20avenencia%22%7D%2C%7B%22item%22%3A%22Certificado%20de%20licitud%20y%20contenido%22%7D%5D&#8221; css=&#8221;.vc_custom_1586547851896{margin-left: 10% !important;}&#8221;][\/vc_column][vc_column width=&#8221;1\/2&#8243;][vc_single_image image=&#8221;2327&#8243; img_size=&#8221;large&#8221; alignment=&#8221;center&#8221; style=&#8221;vc_box_shadow_3d&#8221; css_animation=&#8221;fadeInRight&#8221;][\/vc_column][\/vc_row][vc_row][vc_column][vc_column_text css_animation=&#8221;fadeInLeft&#8221;]En jalife|caballero\u00ae entendemos, conocemos y siempre hemos estado cerca de la industria del entretenimiento, las artes y la cultura. Estamos sensibilizados con la importancia en &#8230;<\/p>\n","protected":false},"author":1,"featured_media":0,"parent":2261,"menu_order":0,"comment_status":"closed","ping_status":"closed","template":"","meta":[],"_links":{"self":[{"href":"https:\/\/www.jalifecaballero.com\/es\/wp-json\/wp\/v2\/pages\/41"}],"collection":[{"href":"https:\/\/www.jalifecaballero.com\/es\/wp-json\/wp\/v2\/pages"}],"about":[{"href":"https:\/\/www.jalifecaballero.com\/es\/wp-json\/wp\/v2\/types\/page"}],"author":[{"embeddable":true,"href":"https:\/\/www.jalifecaballero.com\/es\/wp-json\/wp\/v2\/users\/1"}],"replies":[{"embeddable":true,"href":"https:\/\/www.jalifecaballero.com\/es\/wp-json\/wp\/v2\/comments?post=41"}],"version-history":[{"count":17,"href":"https:\/\/www.jalifecaballero.com\/es\/wp-json\/wp\/v2\/pages\/41\/revisions"}],"predecessor-version":[{"id":3342,"href":"https:\/\/www.jalifecaballero.com\/es\/wp-json\/wp\/v2\/pages\/41\/revisions\/3342"}],"up":[{"embeddable":true,"href":"https:\/\/www.jalifecaballero.com\/es\/wp-json\/wp\/v2\/pages\/2261"}],"wp:attachment":[{"href":"https:\/\/www.jalifecaballero.com\/es\/wp-json\/wp\/v2\/media?parent=41"}],"curies":[{"name":"wp","href":"https:\/\/api.w.org\/{rel}","templated":true}]}}