{"id":5247,"date":"2025-05-13T17:49:10","date_gmt":"2025-05-13T23:49:10","guid":{"rendered":"https:\/\/www.jalifecaballero.com\/es\/?page_id=5247"},"modified":"2025-05-13T18:17:07","modified_gmt":"2025-05-14T00:17:07","slug":"ana-katia-basaguren-molinar","status":"publish","type":"page","link":"https:\/\/www.jalifecaballero.com\/es\/ana-katia-basaguren-molinar\/","title":{"rendered":"Ana Katia Basaguren Molinar"},"content":{"rendered":"<p>[vc_row 0=&#8221;&#8221;][vc_column width=&#8221;1\/2&#8243;][vc_single_image image=&#8221;5255&#8243; img_size=&#8221;full&#8221; alignment=&#8221;center&#8221; css_animation=&#8221;fadeInUp&#8221;][vc_custom_heading text=&#8221;Perfil&#8221; font_container=&#8221;tag:h3|font_size:22|text_align:left|line_height:28px&#8221; use_theme_fonts=&#8221;yes&#8221; css_animation=&#8221;fadeInLeft&#8221;][vc_column_text 0=&#8221;&#8221; css_animation=&#8221;fadeInLeft&#8221;]Egresada de la carrera de Derecho por la Universidad An\u00e1huac del Norte. Cuenta con un posgrado en Derecho de la Propiedad Intelectual por la UNAM y un diplomado en la misma materia por la Universidad de Alicante, Espa\u00f1a. Con m\u00e1s de 25 a\u00f1os de experiencia, se ha especializado en Derechos de Autor, Derecho del Entretenimiento y Marcas. Ha colaborado en m\u00faltiples proyectos de cine y televisi\u00f3n, asesorando en contratos y gestiones legales para \u00e1reas como arte, dise\u00f1o gr\u00e1fico y supervisi\u00f3n musical. Actualmente es Socia Senior del \u00e1rea de Derechos de Autor y Derecho del Entretenimiento en <strong>Jalife Caballero\u00ae. <\/strong>[\/vc_column_text][vc_empty_space height=&#8221;30px&#8221;][\/vc_column][vc_column width=&#8221;1\/2&#8243; offset=&#8221;vc_col-lg-6 vc_col-md-6&#8243;][vc_custom_heading source=&#8221;post_title&#8221; font_container=&#8221;tag:h2|font_size:32px|text_align:left|line_height:1em&#8221; use_theme_fonts=&#8221;yes&#8221; css_animation=&#8221;fadeInRight&#8221; css=&#8221;.vc_custom_1579630782847{margin-bottom: 0px !important;}&#8221;][vc_column_text 0=&#8221;&#8221; css_animation=&#8221;fadeInRight&#8221; css=&#8221;.vc_custom_1747180336591{margin-bottom: 0px !important;}&#8221;]Especialista en Derecho Autoral.[\/vc_column_text][vc_empty_space height=&#8221;20px&#8221;][vc_custom_heading text=&#8221;Detalles&#8221; font_container=&#8221;tag:h3|font_size:20px|text_align:left|line_height:1em&#8221; use_theme_fonts=&#8221;yes&#8221; css_animation=&#8221;fadeInRight&#8221; css=&#8221;.vc_custom_1579722428249{margin-top: 0px !important;}&#8221;][vc_column_text 0=&#8221;&#8221; css_animation=&#8221;fadeInRight&#8221;]<span class=\"width110\">Idiomas <\/span><span class=\"width60\">:<\/span> Espa\u00f1ol e Ingl\u00e9s[\/vc_column_text][vc_custom_heading text=&#8221;Cursos &#038; Certificaciones&#8221; font_container=&#8221;tag:h3|font_size:20px|text_align:left|line_height:1em&#8221; use_theme_fonts=&#8221;yes&#8221; css_animation=&#8221;fadeInRight&#8221; css=&#8221;.vc_custom_1579722565633{padding-top: 10px !important;}&#8221;][vc_column_text 0=&#8221;&#8221; css_animation=&#8221;fadeInRight&#8221;]<i class=\"fa fa-chevron-circle-right\"><\/i>Universidad An\u00e1huac del Norte.<br \/>\nDerecho de la Propiedad Intelectual por la UNAM[\/vc_column_text][\/vc_column][\/vc_row][vc_row disable_element=&#8221;yes&#8221;][vc_column][vc_custom_heading text=&#8221;Cont\u00e1ctame&#8221; font_container=&#8221;tag:h3|font_size:22|text_align:left|line_height:28px&#8221; use_theme_fonts=&#8221;yes&#8221; css_animation=&#8221;fadeInLeft&#8221;][vc_column_text css_animation=&#8221;fadeInRight&#8221;]<div role=\"form\" class=\"wpcf7\" id=\"wpcf7-f2785-o1\" lang=\"en-US\" dir=\"ltr\">\n<div class=\"screen-reader-response\"><p role=\"status\" aria-live=\"polite\" aria-atomic=\"true\"><\/p> <ul><\/ul><\/div>\n<form action=\"\/es\/wp-json\/wp\/v2\/pages\/5247#wpcf7-f2785-o1\" method=\"post\" class=\"wpcf7-form init\" novalidate=\"novalidate\" data-status=\"init\">\n<div style=\"display: none;\">\n<input type=\"hidden\" name=\"_wpcf7\" value=\"2785\" \/>\n<input type=\"hidden\" name=\"_wpcf7_version\" value=\"5.4.1\" \/>\n<input type=\"hidden\" name=\"_wpcf7_locale\" value=\"en_US\" \/>\n<input type=\"hidden\" name=\"_wpcf7_unit_tag\" value=\"wpcf7-f2785-o1\" \/>\n<input type=\"hidden\" name=\"_wpcf7_container_post\" value=\"0\" \/>\n<input type=\"hidden\" name=\"_wpcf7_posted_data_hash\" value=\"\" \/>\n<input type=\"hidden\" name=\"lang\" value=\"es\" \/>\n<\/div>\n<div class=\"uk-grid-small uk-margin-remove-top uk-grid \">\n<div class=\"uk-width-1-1@m uk-grid-margin\">\n<div class=\"uk-inline uk-width-1-1@m \"><span class=\"wpcf7-form-control-wrap text-546\"><input type=\"text\" name=\"text-546\" value=\"\" size=\"40\" class=\"wpcf7-form-control wpcf7-text wpcf7-validates-as-required uk-input\" aria-required=\"true\" aria-invalid=\"false\" placeholder=\"Nombre*\" \/><\/span><\/div>\n<\/div>\n<div class=\"uk-width-1-1@m uk-grid-margin\">\n<div class=\"uk-inline uk-width-1-1@m \"><span class=\"wpcf7-form-control-wrap email-917\"><input type=\"email\" name=\"email-917\" value=\"\" size=\"40\" class=\"wpcf7-form-control wpcf7-text wpcf7-email wpcf7-validates-as-required wpcf7-validates-as-email uk-input\" aria-required=\"true\" aria-invalid=\"false\" placeholder=\"Email*\" \/><\/span><\/div>\n<\/div>\n<div class=\"uk-width-1-1@m uk-grid-margin\">\n<div class=\"uk-inline uk-width-1-1@m \"><span class=\"wpcf7-form-control-wrap tel-182\"><input type=\"tel\" name=\"tel-182\" value=\"\" size=\"40\" class=\"wpcf7-form-control wpcf7-text wpcf7-tel wpcf7-validates-as-required wpcf7-validates-as-tel uk-input\" aria-required=\"true\" aria-invalid=\"false\" placeholder=\"Tel\u00e9fono*\" \/><\/span><\/div>\n<\/div>\n<div class=\"uk-width-1-1@m uk-grid-margin\">\n<div class=\"uk-inline uk-width-1-1@m \"><span class=\"wpcf7-form-control-wrap textarea-685\"><textarea name=\"textarea-685\" cols=\"40\" rows=\"10\" class=\"wpcf7-form-control wpcf7-textarea wpcf7-validates-as-required uk-textarea uk-height-small\" aria-required=\"true\" aria-invalid=\"false\" placeholder=\"Mensaje*\"><\/textarea><\/span><\/div>\n<\/div>\n<div class=\"uk-width-1-1@m uk-grid-margin uk-text-left\"><input type=\"submit\" value=\"ENVIAR\" class=\"wpcf7-form-control wpcf7-submit uk-button uk-button-default\" \/><\/div>\n<\/div>\n<div class=\"wpcf7-response-output\" aria-hidden=\"true\"><\/div><\/form><\/div>[\/vc_column_text][\/vc_column][\/vc_row]<\/p>\n","protected":false},"excerpt":{"rendered":"<p>[vc_row 0=&#8221;&#8221;][vc_column width=&#8221;1\/2&#8243;][vc_single_image image=&#8221;5255&#8243; img_size=&#8221;full&#8221; alignment=&#8221;center&#8221; css_animation=&#8221;fadeInUp&#8221;][vc_custom_heading text=&#8221;Perfil&#8221; font_container=&#8221;tag:h3|font_size:22|text_align:left|line_height:28px&#8221; use_theme_fonts=&#8221;yes&#8221; css_animation=&#8221;fadeInLeft&#8221;][vc_column_text 0=&#8221;&#8221; css_animation=&#8221;fadeInLeft&#8221;]Egresada de la carrera de Derecho por la Universidad An\u00e1huac del Norte. Cuenta con un posgrado en Derecho de la Propiedad Intelectual por la UNAM y un diplomado &#8230;<\/p>\n","protected":false},"author":1,"featured_media":0,"parent":0,"menu_order":0,"comment_status":"closed","ping_status":"closed","template":"","meta":[],"_links":{"self":[{"href":"https:\/\/www.jalifecaballero.com\/es\/wp-json\/wp\/v2\/pages\/5247"}],"collection":[{"href":"https:\/\/www.jalifecaballero.com\/es\/wp-json\/wp\/v2\/pages"}],"about":[{"href":"https:\/\/www.jalifecaballero.com\/es\/wp-json\/wp\/v2\/types\/page"}],"author":[{"embeddable":true,"href":"https:\/\/www.jalifecaballero.com\/es\/wp-json\/wp\/v2\/users\/1"}],"replies":[{"embeddable":true,"href":"https:\/\/www.jalifecaballero.com\/es\/wp-json\/wp\/v2\/comments?post=5247"}],"version-history":[{"count":6,"href":"https:\/\/www.jalifecaballero.com\/es\/wp-json\/wp\/v2\/pages\/5247\/revisions"}],"predecessor-version":[{"id":5256,"href":"https:\/\/www.jalifecaballero.com\/es\/wp-json\/wp\/v2\/pages\/5247\/revisions\/5256"}],"wp:attachment":[{"href":"https:\/\/www.jalifecaballero.com\/es\/wp-json\/wp\/v2\/media?parent=5247"}],"curies":[{"name":"wp","href":"https:\/\/api.w.org\/{rel}","templated":true}]}}