{"id":83,"date":"2017-03-24T03:46:37","date_gmt":"2017-03-24T03:46:37","guid":{"rendered":"http:\/\/demo.themeton.com\/medical\/?page_id=83"},"modified":"2020-05-27T19:24:40","modified_gmt":"2020-05-28T00:24:40","slug":"contacto","status":"publish","type":"page","link":"https:\/\/www.jalifecaballero.com\/es\/contacto\/","title":{"rendered":"Contacto"},"content":{"rendered":"<p>[vc_row full_width=&#8221;stretch_row&#8221; content_placement=&#8221;middle&#8221; css=&#8221;.vc_custom_1498711209552{margin-bottom: 50px !important;padding-top: 20px !important;padding-bottom: 0px !important;background-color: #ffffff !important;background-position: center !important;background-repeat: no-repeat !important;background-size: cover !important;}&#8221;][vc_column css_animation=&#8221;fadeInUp&#8221; width=&#8221;1\/4&#8243; css=&#8221;.vc_custom_1579705982998{margin-top: -100px !important;}&#8221; offset=&#8221;vc_hidden-sm vc_hidden-xs&#8221;][vc_column_text 0=&#8221;&#8221;]<\/p>\n<h3 style=\"font-weight: bold;\">Direcci\u00f3n:<\/h3>\n<p>&nbsp;<\/p>\n<h3 style=\"font-weight: bold;\">Contacto:<\/h3>\n<p>&nbsp;<\/p>\n<h3 style=\"font-weight: bold;\">Redes Sociales<\/h3>\n<div id=\"gtx-trans\" style=\"position: absolute; left: -35px; top: 220.901px;\">\n<div class=\"gtx-trans-icon\"><\/div>\n<\/div>\n<p>[\/vc_column_text][\/vc_column][vc_column css_animation=&#8221;fadeInUp&#8221; width=&#8221;1\/4&#8243; css=&#8221;.vc_custom_1579705993109{margin-top: -100px !important;border-left-width: 1px !important;border-left-color: #dddfe0 !important;border-left-style: solid !important;}&#8221; offset=&#8221;vc_hidden-sm vc_hidden-xs&#8221;][vc_column_text css=&#8221;.vc_custom_1579706127371{padding-left: 30px !important;}&#8221;]Iglesia No. 2, Edif. E,<br \/>\nPiso 4 Tizapan San Angel<br \/>\nCP 01090 CDMX M\u00e9xico<\/p>\n<p>Tel\u00e9fono: 55 5481 6999<br \/>\nCorreo: contacto@jalifecaballero.com[\/vc_column_text][vc_empty_space height=&#8221;30px&#8221;][vc_row_inner 0=&#8221;&#8221;][vc_column_inner css=&#8221;.vc_custom_1494571048253{padding-left: 35px !important;}&#8221;][vc_icon icon_fontawesome=&#8221;fa fa-facebook&#8221; color=&#8221;white&#8221; background_style=&#8221;rounded&#8221; background_color=&#8221;blue&#8221; size=&#8221;xs&#8221; css_animation=&#8221;fadeInUp&#8221; el_class=&#8221;contact_icons&#8221; link=&#8221;url:https%3A%2F%2Fwww.facebook.com%2FJalifeCaballerojcip%2F|title:Facebook|target:%20_blank|&#8221;][vc_icon icon_fontawesome=&#8221;fa fa-twitter&#8221; color=&#8221;white&#8221; background_style=&#8221;rounded&#8221; background_color=&#8221;sky&#8221; size=&#8221;xs&#8221; css_animation=&#8221;fadeInUp&#8221; el_class=&#8221;contact_icons&#8221; link=&#8221;url:https%3A%2F%2Ftwitter.com%2FJalifeCaballero||target:%20_blank|&#8221;][vc_icon icon_fontawesome=&#8221;fa fa-instagram&#8221; color=&#8221;white&#8221; background_style=&#8221;rounded&#8221; background_color=&#8221;sky&#8221; size=&#8221;xs&#8221; css_animation=&#8221;fadeInUp&#8221; el_class=&#8221;contact_icons&#8221; link=&#8221;url:http%3A%2F%2Finstagram.com%2Fjalife.caballero||target:%20_blank|&#8221;][vc_icon icon_fontawesome=&#8221;fa fa-linkedin&#8221; color=&#8221;white&#8221; background_style=&#8221;rounded&#8221; background_color=&#8221;sky&#8221; size=&#8221;xs&#8221; css_animation=&#8221;fadeInUp&#8221; el_class=&#8221;contact_icons&#8221; link=&#8221;url:https%3A%2F%2Fwww.linkedin.com%2Fcompany%2Fjalifecaballero%2F||target:%20_blank|&#8221;][\/vc_column_inner][\/vc_row_inner][\/vc_column][vc_column css_animation=&#8221;fadeInUp&#8221; width=&#8221;1\/4&#8243; vc_column_themeton=&#8221;yes&#8221; css=&#8221;.vc_custom_1579706001831{margin-top: -330px !important;margin-left: 100px !important;}&#8221; offset=&#8221;vc_hidden-sm vc_hidden-xs&#8221;][vc_column_text 0=&#8221;&#8221;]<\/p>\n<h3 style=\"font-weight: bold;\">Escr\u00edbenos:<\/h3>\n<div id=\"gtx-trans\" style=\"position: absolute; left: -2px; top: 44.2528px;\">\n<div class=\"gtx-trans-icon\"><\/div>\n<\/div>\n<p>[\/vc_column_text][\/vc_column][vc_column css_animation=&#8221;fadeInUp&#8221; width=&#8221;1\/4&#8243; offset=&#8221;vc_col-sm-offset-0&#8243;]<div role=\"form\" class=\"wpcf7\" id=\"wpcf7-f1798-o1\" lang=\"en-US\" dir=\"ltr\">\n<div class=\"screen-reader-response\"><p role=\"status\" aria-live=\"polite\" aria-atomic=\"true\"><\/p> <ul><\/ul><\/div>\n<form action=\"\/es\/wp-json\/wp\/v2\/pages\/83#wpcf7-f1798-o1\" method=\"post\" class=\"wpcf7-form init\" novalidate=\"novalidate\" data-status=\"init\">\n<div style=\"display: none;\">\n<input type=\"hidden\" name=\"_wpcf7\" value=\"1798\" \/>\n<input type=\"hidden\" name=\"_wpcf7_version\" value=\"5.4.1\" \/>\n<input type=\"hidden\" name=\"_wpcf7_locale\" value=\"en_US\" \/>\n<input type=\"hidden\" name=\"_wpcf7_unit_tag\" value=\"wpcf7-f1798-o1\" \/>\n<input type=\"hidden\" name=\"_wpcf7_container_post\" value=\"0\" \/>\n<input type=\"hidden\" name=\"_wpcf7_posted_data_hash\" value=\"\" \/>\n<input type=\"hidden\" name=\"lang\" value=\"es\" \/>\n<\/div>\n<div class=\"uk-grid-small uk-margin-remove-top uk-grid \">\n<div class=\"uk-width-1-1@m uk-grid-margin\">\n<div class=\"uk-inline uk-width-1-1@m \"><span class=\"wpcf7-form-control-wrap text-546\"><input type=\"text\" name=\"text-546\" value=\"\" size=\"40\" class=\"wpcf7-form-control wpcf7-text wpcf7-validates-as-required uk-input\" aria-required=\"true\" aria-invalid=\"false\" placeholder=\"Nombre*\" \/><\/span><\/div>\n<\/div>\n<div class=\"uk-width-1-1@m uk-grid-margin\">\n<div class=\"uk-inline uk-width-1-1@m \"><span class=\"wpcf7-form-control-wrap email-917\"><input type=\"email\" name=\"email-917\" value=\"\" size=\"40\" class=\"wpcf7-form-control wpcf7-text wpcf7-email wpcf7-validates-as-required wpcf7-validates-as-email uk-input\" aria-required=\"true\" aria-invalid=\"false\" placeholder=\"Email*\" \/><\/span><\/div>\n<\/div>\n<div class=\"uk-width-1-1@m uk-grid-margin\">\n<div class=\"uk-inline uk-width-1-1@m \"><span class=\"wpcf7-form-control-wrap tel-182\"><input type=\"tel\" name=\"tel-182\" value=\"\" size=\"40\" class=\"wpcf7-form-control wpcf7-text wpcf7-tel wpcf7-validates-as-required wpcf7-validates-as-tel uk-input\" aria-required=\"true\" aria-invalid=\"false\" placeholder=\"Tel\u00e9fono*\" \/><\/span><\/div>\n<\/div>\n<div class=\"uk-width-1-1@m uk-grid-margin\">\n<div class=\"uk-inline uk-width-1-1@m \"><span class=\"wpcf7-form-control-wrap textarea-685\"><textarea name=\"textarea-685\" cols=\"40\" rows=\"10\" class=\"wpcf7-form-control wpcf7-textarea wpcf7-validates-as-required uk-textarea uk-height-small\" aria-required=\"true\" aria-invalid=\"false\" placeholder=\"Mensaje*\"><\/textarea><\/span><\/div>\n<\/div>\n<div class=\"uk-width-1-1@m uk-grid-margin uk-text-left\"><input type=\"submit\" value=\"ENVIAR\" class=\"wpcf7-form-control wpcf7-submit uk-button uk-button-default\" \/><\/div>\n<\/div>\n<div class=\"wpcf7-response-output\" aria-hidden=\"true\"><\/div><\/form><\/div>[\/vc_column][\/vc_row][vc_row][vc_column width=&#8221;1\/6&#8243;][\/vc_column][vc_column width=&#8221;2\/3&#8243;][vc_column_text]Por favor tenga en cuenta lo siguiente: Enviarnos un correo electr\u00f3nico no nos convierte en sus abogados. No se le considerar\u00e1 como un cliente de nuestra firma hasta que hayamos aceptado actuar en su nombre de acuerdo con nuestras pol\u00edticas habituales para aceptar clientes. A menos que sea un cliente actual de Jalife Caballero\u00ae, por favor no incluya ning\u00fan tipo de informaci\u00f3n confidencial en su correo electr\u00f3nico, ya que ninguna informaci\u00f3n que nos env\u00ede puede mantenerse confidencial y ninguna informaci\u00f3n que le proporcionemos puede ser tratada como asesoramiento legal, a menos y hasta que hayamos acordado actuar en su nombre.[\/vc_column_text][\/vc_column][vc_column width=&#8221;1\/6&#8243;][\/vc_column][\/vc_row][vc_row full_width=&#8221;stretch_row_content_no_spaces&#8221;][vc_column 0=&#8221;&#8221;][vc_gmaps link=&#8221;#E-8_JTNDaWZyYW1lJTIwc3JjJTNEJTIyaHR0cHMlM0ElMkYlMkZ3d3cuZ29vZ2xlLmNvbSUyRm1hcHMlMkZlbWJlZCUzRnBiJTNEJTIxMW0xOCUyMTFtMTIlMjExbTMlMjExZDM3NjQuNzk4MTUwMTIzNjE0NSUyMTJkLTk5LjIwMTk2NzY4NDY1NjM1JTIxM2QxOS4zMzQ1NjMyODY5NDAwNyUyMTJtMyUyMTFmMCUyMTJmMCUyMTNmMCUyMTNtMiUyMTFpMTAyNCUyMTJpNzY4JTIxNGYxMy4xJTIxM20zJTIxMW0yJTIxMXMweDg1Y2RmZmY4MTM2NWM1ZDMlMjUzQTB4MmM2Zjc0MTcwZGVkMTNjZSUyMTJzSmFsaWZlJTI1MjBDYWJhbGxlcm8lMjE1ZTAlMjEzbTIlMjExc2VzLTQxOSUyMTJzbXglMjE0djE1Nzk3MDYzNjUwNTIlMjE1bTIlMjExc2VzLTQxOSUyMTJzbXglMjIlMjB3aWR0aCUzRCUyMjEwMCUyNSUyMiUyMGhlaWdodCUzRCUyMjQ1MCUyMiUyMGZyYW1lYm9yZGVyJTNEJTIyMCUyMiUyMHN0eWxlJTNEJTIyYm9yZGVyJTNBMCUyMiUyMGFsbG93ZnVsbHNjcmVlbiUzRSUzQyUyRmlmcmFtZSUzRQ==&#8221; css_animation=&#8221;fadeInUp&#8221;][\/vc_column][\/vc_row]<\/p>\n","protected":false},"excerpt":{"rendered":"<p>[vc_row full_width=&#8221;stretch_row&#8221; content_placement=&#8221;middle&#8221; css=&#8221;.vc_custom_1498711209552{margin-bottom: 50px !important;padding-top: 20px !important;padding-bottom: 0px !important;background-color: #ffffff !important;background-position: center !important;background-repeat: no-repeat !important;background-size: cover !important;}&#8221;][vc_column css_animation=&#8221;fadeInUp&#8221; width=&#8221;1\/4&#8243; css=&#8221;.vc_custom_1579705982998{margin-top: -100px !important;}&#8221; offset=&#8221;vc_hidden-sm vc_hidden-xs&#8221;][vc_column_text 0=&#8221;&#8221;] Direcci\u00f3n: &nbsp; Contacto: &nbsp; Redes Sociales [\/vc_column_text][\/vc_column][vc_column css_animation=&#8221;fadeInUp&#8221; width=&#8221;1\/4&#8243; css=&#8221;.vc_custom_1579705993109{margin-top: -100px !important;border-left-width: 1px !important;border-left-color: &#8230;<\/p>\n","protected":false},"author":1,"featured_media":0,"parent":0,"menu_order":0,"comment_status":"closed","ping_status":"closed","template":"","meta":[],"_links":{"self":[{"href":"https:\/\/www.jalifecaballero.com\/es\/wp-json\/wp\/v2\/pages\/83"}],"collection":[{"href":"https:\/\/www.jalifecaballero.com\/es\/wp-json\/wp\/v2\/pages"}],"about":[{"href":"https:\/\/www.jalifecaballero.com\/es\/wp-json\/wp\/v2\/types\/page"}],"author":[{"embeddable":true,"href":"https:\/\/www.jalifecaballero.com\/es\/wp-json\/wp\/v2\/users\/1"}],"replies":[{"embeddable":true,"href":"https:\/\/www.jalifecaballero.com\/es\/wp-json\/wp\/v2\/comments?post=83"}],"version-history":[{"count":15,"href":"https:\/\/www.jalifecaballero.com\/es\/wp-json\/wp\/v2\/pages\/83\/revisions"}],"predecessor-version":[{"id":3886,"href":"https:\/\/www.jalifecaballero.com\/es\/wp-json\/wp\/v2\/pages\/83\/revisions\/3886"}],"wp:attachment":[{"href":"https:\/\/www.jalifecaballero.com\/es\/wp-json\/wp\/v2\/media?parent=83"}],"curies":[{"name":"wp","href":"https:\/\/api.w.org\/{rel}","templated":true}]}}